{"id":1243,"date":"2020-05-08T10:53:43","date_gmt":"2020-05-08T08:53:43","guid":{"rendered":"https:\/\/www.coutellerie-chambriard.com\/?page_id=1243"},"modified":"2024-02-08T10:38:52","modified_gmt":"2024-02-08T09:38:52","slug":"dispensers-around-the-world","status":"publish","type":"page","link":"https:\/\/www.coutellerie-chambriard.com\/en\/dispensers-around-the-world\/","title":{"rendered":"Dispensers around the world"},"content":{"rendered":"<div class=\"wpb-content-wrapper\"><p>[vc_row][vc_column][vc_empty_space height=&#8221;35&#8243;][\/vc_column][\/vc_row][vc_row][vc_column]<div id=\"map\">\n\t<!-- la carte -->\n<\/div>\n\n<!-- Fichiers Javascript -->\n<script src=\"https:\/\/unpkg.com\/leaflet@1.3.1\/dist\/leaflet.js\" integrity=\"sha512-\/Nsx9X4HebavoBvEBuyp3I7od5tA0UzAxs+j83KgC8PU0kgB4XiK4Lfe4y4cgBtaRJQEIFCW+oC506aPT2L1zw==\" crossorigin=\"\"><\/script>\n<script type='text\/javascript' src='https:\/\/unpkg.com\/leaflet.markercluster@1.3.0\/dist\/leaflet.markercluster.js'><\/script>\n\n<script type=\"text\/javascript\">\n\t\/\/ initialisation du centre de la carte\n\t\n\tvar lat = 46.520617;\n\tvar lon = 2.695072;\n\tvar macarte = null;\n\t\n    var markerClusters; \/\/ Servira \u00e0 stocker les groupes de marqueurs\n    \n            \t        \t        \t        \t        \t        \t        \t        \t        \t        \t        \t        \t        \t        \t        \t        \t        \t        \t        \t        \t        \t        \t        \t        \t        \t        \t        \t        \t        \t        \t        \t        \t        \t        \t        \t        \t        \t        \t        \t        \t        \t        \t        \t        \t        \t        \t        \t        \t        \t        \t        \t        \t        \t        \t \n            \n    \/\/ initialisation des la liste de marqueurs\n    var villes = {\n\t\t\"COCAGNE AFFUTAGE<br>3 Rue du Valat Viel <br> 81580 Soual\": { \"lat\": 43.55573993350522, \"lon\":  2.117697253923098,\"icon\":\"distributeur\"},\"LA MIELLERIE EMPORIUM<br>58 Av. de la R\u00e9publique <br> 07110 Largenti\u00e8re\": { \"lat\": 44.53946173388697, \"lon\": 4.291688326957789,\"icon\":\"distributeur\"},\"COUTELLERIE P.C.C 2000<br>4 PLACE DU COMMERCE <br> 63550 Saint-R\u00e9my-sur-Durolle\": { \"lat\": 45.88839159764935, \"lon\": 3.5914948251446126,\"icon\":\"distributeur\"},\"AU FIL DE L\u2019EAU<br>2, rue des Battoirs <br> 1205 GENEVE <br> SUISSE\": { \"lat\": 46.191939045917835, \"lon\": 6.143654698163318,\"icon\":\"distributeur\"},\"STRATA<br>67 Washington Avenue <br> Portland, ME 04101 <br> \u00c9tats-Unis\": { \"lat\": 43.66564194537802 , \"lon\": -70.25205210743735,\"icon\":\"distributeur\"},\"PICAYUNE CELLARS AND MERCANTILE<br>1329 Lincoln Ave suite b <br> Calistoga, CA 94515 <br> \u00c9tats-Unis\": { \"lat\": 38.57797268013097, \"lon\": -122.57957374066105,\"icon\":\"distributeur\"},\"LAGAMATI<br>Odengatan 68 <br> 11322 STOCKHOLM\": { \"lat\": 59.342133, \"lon\": 18.047084,\"icon\":\"distributeur\"},\"COUTELLERIE DU ROI<br> Passage du Nord 27 <br> BRUXELLES\": { \"lat\": 50.851704, \"lon\": 4.354397,\"icon\":\"distributeur\"},\"COUTELLERIE ANDRE<br> En Gerardie 29 <br> 4000 LIEGE\": { \"lat\": 50.644191, \"lon\": 5.574137,\"icon\":\"distributeur\"},\"COUTELLERIE JAMART<br> 7 Rue de l\u2019H\u00f4pital <br> BRUXELLES\": { \"lat\": 50.844359, \"lon\": 4.352960,\"icon\":\"distributeur\"},\"COUTELLERIE FONTAINE<br>48 Rue de la Servette <br> 1202 GENEVE\": { \"lat\": 46.211883, \"lon\": 6.133997,\"icon\":\"distributeur\"},\"LORENZI<br>Andreas Lorenzi <br> Siebensterngasse 41 <br> 1070 VIENNE\": { \"lat\": 48.202075, \"lon\": 16.349718,\"icon\":\"distributeur\"},\"CAVE DE SANTENAY<br>M. Cas Kortmann <br> Oude Singel 160 <br> 2312 RG Leiden\": { \"lat\": 52.162415, \"lon\": 4.494596,\"icon\":\"distributeur\"},\"KLOTZLI<br>Rathausgasse<br> 3011 Bern\": { \"lat\": 46.948666, \"lon\": 7.447958,\"icon\":\"distributeur\"},\"MESSERKONTOR<br>Franz Bl\u00e4si Str 5 <br> 76646 BRUCHSAL\": { \"lat\": 49.126846, \"lon\": 8.592996,\"icon\":\"distributeur\"},\"BRANDNERS-HOMESTYLE<br> Lindenweg <br> 489260 WEISSENHORN\": { \"lat\": 48.301745, \"lon\": 10.174768,\"icon\":\"distributeur\"},\"A FLEUR DE LAME<br> 37 rue Carnot <br> 83230 BORMES LES MIMOSAS\": { \"lat\": 43.151244, \"lon\": 6.342019,\"icon\":\"distributeur\"},\"DE LA PIERRE A LA LAME<br>29 rue St Nicolas <br> 76000 ROUEN\": { \"lat\": 49.441003, \"lon\": 1.096957,\"icon\":\"distributeur\"},\"PLANETE RASOIR <br>58 rue de Clichy <br> 75009 PARIS\": { \"lat\": 48.881373, \"lon\": 2.328566,\"icon\":\"distributeur\"},\"LAGUIOLE DU MARAIS<br>6 rue du pas de la mule <br> 75003 PARIS\": { \"lat\": 48.856035, \"lon\": 2.367134,\"icon\":\"distributeur\"},\"ARMES BASTILLES<br> 61 rue de Lyon <br> 75012 PARIS\": { \"lat\": 48.850525, \"lon\": 2.370149,\"icon\":\"distributeur\"},\"COUTELLERIE KINDAL<br>23 bis rue de Constantinople <br> 75008 PARIS\": { \"lat\": 48.880201, \"lon\": 2.319487,\"icon\":\"distributeur\"},\"COUTELLERIE COURTY<br>44 rue des petits Champs <br> 75002  PARIS\": { \"lat\": 48.867357, \"lon\": 2.334754,\"icon\":\"distributeur\"},\"LE COUTEAU SAVOYARD<br> 32 rue Sommeillier <br> 74000 ANNECY\": { \"lat\": 45.902201, \"lon\": 6.125574,\"icon\":\"distributeur\"},\"COUTELLERIE DE LYON<br> 5 place Bellecour <br> 69002 LYON\": { \"lat\": 45.758678, \"lon\": 4.831714,\"icon\":\"distributeur\"},\"MAISON PETZOLD<br>41 rue du Foss\u00e9 des Tanneurs <br> 67000 STRASBOURG\": { \"lat\": 48.582484, \"lon\": 7.743453,\"icon\":\"distributeur\"},\"COUTELLERIE DU MASSIF<br>23 rue Notre Dame <br> 63610 BESSE\": { \"lat\": 45.512103, \"lon\": 2.933097,\"icon\":\"distributeur\"},\"COUTELLERIE DU MASSIF<br>5 bis rue Jean Moulin <br> 63240 LE MONT-DORE\": { \"lat\": 45.573301, \"lon\": 2.810627,\"icon\":\"distributeur\"},\"BRILLARD SARL<br>35 Rue du ch\u00e2teau <br> 63600 AMBERT\": { \"lat\": 45.549793, \"lon\": 3.742279,\"icon\":\"distributeur\"},\"LA BOUTIQUE K SABATIER<br> 7 rue Saint Gen\u00e8s <br> 63000 CLERMONT-FERRAND\": { \"lat\": 45.776841, \"lon\": 3.085698,\"icon\":\"distributeur\"},\"ARMURERIE GOSSART<br> 28 rue Roger Bouvry <br> 59113 SECLIN\": { \"lat\": 50.549033, \"lon\": 3.028667,\"icon\":\"distributeur\"},\"COUTELLERIE PER<br> 13 rue Emile Burgault <br> 56000 VANNES\": { \"lat\": 47.658247, \"lon\": -2.758658,\"icon\":\"distributeur\"},\"COUTELLERIE CHAMPENOISE<br> 30 Rue Colbert <br> 51100 REIMS\": { \"lat\": 49.257259, \"lon\": 4.032574,\"icon\":\"distributeur\"},\"COUTELLERIE BENOIT<br> 3 avenue de Peyre <br> 48130 AUMONT AUBRAC\": { \"lat\": 44.721866, \"lon\": 3.283069,\"icon\":\"distributeur\"},\"COUTELLERIE DE L\\\\\\'ALZOU<br>Rue de la Couronnerie <br> 46500 ROCAMADOUR\": { \"lat\": 44.799219, \"lon\": 1.617842,\"icon\":\"distributeur\"},\"COUTELLERIE M.G. COUT\\'O<br>9 rue de Budapest <br> 44000 NANTES\": { \"lat\": 47.216727, \"lon\": -1.559972,\"icon\":\"distributeur\"},\"AUTOUR DU COUTEAU<br>15 Cours Lamarque de Plaisance <br> 33120 ARCACHON\": { \"lat\": 44.661042, \"lon\": -1.169508,\"icon\":\"distributeur\"},\"MARCHAND DE SOIF<br>M. Anthony OLLIVIER <br> 8 rue de la Grande Fontaine <br> 33330 ST-EMILION\": { \"lat\": 44.892673, \"lon\": -0.156610,\"icon\":\"distributeur\"},\"COUTELLERIE SAPHORES<br> 41 rue Judaique <br> 33000 BORDEAUX\": { \"lat\": 44.841558, \"lon\": -0.583041,\"icon\":\"distributeur\"},\"MA COUTELLERIE<br> 4 rue Boulbonne <br> 31000 TOULOUSE\": { \"lat\": 43.600054, \"lon\": 1.448578,\"icon\":\"distributeur\"},\"COUTELLERIE DES CAPITOULS<br> 2 rue Kennedy <br> 31000 TOULOUSE\": { \"lat\": 43.605640, \"lon\": 1.444364,\"icon\":\"distributeur\"},\"COUTELLERIE DE QUIMPER<br> 23 rue du Sall\u00e9 <br> 29000 QUIMPER\": { \"lat\": 47.996613, \"lon\": -4.103772,\"icon\":\"distributeur\"},\"COUTELLERIE LE GALL<br> 22 rue de la porte <br> 29200 BREST\": { \"lat\": 48.383955, \"lon\": -4.499413,\"icon\":\"distributeur\"},\"COUTELLERIE GUILLOU<br> 2 bis avenue Pierre Gu\u00e9guin <br> 29900 CONCARNEAU\": { \"lat\": 47.874419, \"lon\": -3.918532,\"icon\":\"distributeur\"},\"COUTELLERIE BERTHIER<br> 33 avenue Victor Hugo <br> 26000 VALENCE\": { \"lat\": 44.928927, \"lon\": 4.890626,\"icon\":\"distributeur\"},\"QUINCAILLERIE JEZEQUEL<br> 6 Rue des huit patriotes <br> 22500 PAIMPOL\": { \"lat\": 48.779697, \"lon\": -3.046201,\"icon\":\"distributeur\"},\"COUTELLERIE NICOLAS<br> 24 rue du Lieutenant Faro <br> 19100  BRIVE\": { \"lat\": 45.157267, \"lon\": 1.533046,\"icon\":\"distributeur\"},\"L\\'\u00c2GE DE BRONZE<br>28 rue Saint-Esprit <br> 15300 MURAT\": { \"lat\": 45.112129, \"lon\": 2.868813,\"icon\":\"distributeur\"},\"COUTELLERIE COUPAT<br>21 rue des Lacs <br> 15100 SAINT-FLOUR\": { \"lat\": 45.032994, \"lon\": 3.091475,\"icon\":\"distributeur\"},\"COUTELLERIE DU LODI<br>5 Rue de Lod <br> 13006 Marseille\": { \"lat\": 43.291399, \"lon\": 5.385354,\"icon\":\"distributeur\"},\"COUTELLERIE LA P\u00caCHE DU SOLEIL<br> M. Longuepierre <br> 59 rue de la Libert\u00e9 <br> 05200 EMBRUN\": { \"lat\": 44.563561, \"lon\": 6.493880,\"icon\":\"distributeur\"},\"ARMURERIE FLICK<br>132 boulevard dex Courtais <br> 03100 MONTLUCON\": { \"lat\": 46.340934, \"lon\": 2.607715,\"icon\":\"distributeur\"},\"COUTELLERIE THIERNOISE<br>11 rue de l\u2019H\u00f4tel des Postes <br> 03200 VICHY\": { \"lat\": 46.125410, \"lon\": 3.423400,\"icon\":\"distributeur\"},\"Coutellerie Chambriard<br>2 Place Antonin Chastel <br> 63300 Thiers\": { \"lat\": 45.855052, \"lon\": 3.547969,\"icon\":\"coutellerie-chambriard\"},        \n   \t};\n\t\n\t\/\/ Fonction d'initialisation de la carte\n    function initMap() {\n    \t\/\/ Nous d\u00e9finissons le dossier qui contiendra les marqueurs\n        var iconBase = 'https:\/\/www.coutellerie-chambriard.com\/wp-content\/plugins\/custom_osm\/icons\/';\n\t\t\n\t\t\/\/ Cr\u00e9er l'objet \"macarte\" et l'ins\u00e8rer dans l'\u00e9l\u00e9ment HTML qui a l'ID \"map\"\n        macarte = L.map('map').setView([lat, lon], 2);\n        markerClusters = L.markerClusterGroup(); \/\/ Nous initialisons les groupes de marqueurs\n        \n        \/\/ Leaflet ne r\u00e9cup\u00e8re pas les cartes (tiles) sur un serveur par d\u00e9faut. Nous devons lui pr\u00e9ciser o\u00f9 nous souhaitons les r\u00e9cup\u00e9rer. Ici, openstreetmap.fr\n        L.tileLayer('https:\/\/{s}.tile.openstreetmap.fr\/osmfr\/{z}\/{x}\/{y}.png', {\n        \t\/\/ Il est toujours bien de laisser le lien vers la source des donn\u00e9es\n        \tattribution: 'donn\u00e9es \u00a9 <a href=\"\/\/osm.org\/copyright\">OpenStreetMap<\/a>\/ODbL - rendu <a href=\"\/\/openstreetmap.fr\">OSM France<\/a>',\n        \tminZoom: 1,\n        \tmaxZoom: 20\n        }).addTo(macarte);\n        \n        \/\/ Nous parcourons la liste des villes\n        for (ville in villes) {\n\t    \t\/\/ Nous d\u00e9finissons l'ic\u00f4ne \u00e0 utiliser pour le marqueur, sa taille affich\u00e9e (iconSize), sa position (iconAnchor) et le d\u00e9calage de son ancrage (popupAnchor)\n            var myIcon = L.icon({\n            \ticonUrl: iconBase + villes[ville].icon+\".png\",\n                iconSize: [50, 50],\n                iconAnchor: [25, 50],\n                popupAnchor: [-3, -76],\n     \t    });\n            var marker = L.marker([villes[ville].lat, villes[ville].lon], { icon: myIcon }); \/\/ pas de addTo(macarte), l'affichage sera g\u00e9r\u00e9 par la biblioth\u00e8que des clusters\n            marker.bindPopup(ville);\n            markerClusters.addLayer(marker); \/\/ Nous ajoutons le marqueur aux groupes\n\t\t}\n        macarte.addLayer(markerClusters);\n\t}\n\twindow.onload = function(){\n\t\n\t\/\/ Fonction d'initialisation qui s'ex\u00e9cute lorsque le DOM est charg\u00e9\n\tinitMap(); \n\t};\n<\/script>\n<script type=\"text\/javascript\" src=\"https:\/\/www.coutellerie-chambriard.com\/wp-content\/plugins\/custom_osm\/assets\/js\/markerclusterer.js\"><\/script>\n\n \n[\/vc_column][\/vc_row][vc_row][vc_column][vc_empty_space height=&#8221;35&#8243;][\/vc_column][\/vc_row][vc_row][vc_column width=&#8221;1\/3&#8243;][vc_column_text el_class=&#8221;liste-distri&#8221;]<\/p>\n<h2>NORTH AMERICA<\/h2>\n<h3>PICAYUNE CELLARS<\/h3>\n<p>1329 Lincoln avenue, suite B<br \/>\nCALISTOGA, CA 94515<br \/>\nPhone: 707 548 9987<br \/>\nMail: claire@picayunecellars.com<br \/>\nwebsite : <a href=\"https:\/\/picayunecellars.com\/\" target=\"_blank\" rel=\"noopener\">www.picayunecellars.com<\/a><\/p>\n<h3>STRATA<\/h3>\n<p>93 washington avenue, unit 4<br \/>\nPORTLAND, ME 04101 USA<br \/>\nPhone: 207 517 0034<br \/>\nWebsite: <a href=\"https:\/\/strata-portland.myshopify.com\/\" target=\"_blank\" rel=\"noopener\">www.strata-portland.myshopify.com<\/a>[\/vc_column_text][\/vc_column][vc_column width=&#8221;1\/3&#8243;][vc_column_text el_class=&#8221;liste-distri&#8221;]<\/p>\n<h2>EN EUROPE<\/h2>\n<h3>COUTELLERIE FONTAINE<\/h3>\n<p>48 Rue de la Servette<br \/>\n1202 GENEVE \/ SUISSE<br \/>\nT\u00e9l\u00e9phone : (00) 41213120186<br \/>\nFax : (00) 41213122245<br \/>\n<a href=\"http:\/\/www.fontaine.ch\" target=\"_blank\" rel=\"noopener noreferrer\">www.fontaine.ch<\/a><\/p>\n<h3>COUTELLERIE A. JAMART<\/h3>\n<p>7 Rue de l&#8217;H\u00f4pital<br \/>\nBRUXELLES \/ BELGIQUE<br \/>\nT\u00e9l\u00e9phone : (00) 32 2512 49 62<br \/>\n<a href=\"https:\/\/www.coutellerie-jamart.be\" target=\"_blank\" rel=\"noopener noreferrer\">www.coutellerie-jamart.be<\/a><\/p>\n<h3>COUTELLERIE ANDRE<\/h3>\n<p>En Gerardie 29<br \/>\n4000 LIEGE \/ BELGIQUE<br \/>\nT\u00e9l\u00e9phone \/ Fax : (00) 3242230091<\/p>\n<h3>COUTELLERIE DU ROI<\/h3>\n<p>Passage du Nord 27<br \/>\nBRUXELLES \/ BELGIQUE<br \/>\nT\u00e9l\u00e9phone : (32) 22175494<br \/>\n<a href=\"https:\/\/coutellerie-du-roi.myshopify.com\" target=\"_blank\" rel=\"noopener noreferrer\">coutellerie-du-roi.myshopify.com<\/a><\/p>\n<h3>LAGAMATI<\/h3>\n<p>Odengatan 68<br \/>\n11322 STOCKHOLM \/ SUEDE<br \/>\nT\u00e9l\u00e9phone : (00) 468313820<br \/>\n<a href=\"https:\/\/lagamati.se\" target=\"_blank\" rel=\"noopener noreferrer\">lagamati.se<\/a><a href=\"http:\/\/www.schneidwarenkontor.de\" target=\"_blank\" rel=\"noopener noreferrer\"><\/a><\/p>\n<h3>COUTELLERIE ARTIKEL NR<\/h3>\n<p>Keiser Karelstraat 117 te<br \/>\n9000 GAND \/ BELGIQUE<br \/>\nT\u00e9l\u00e9phone: (00) 32 478 20 92 30<\/p>\n<h3>YIANNIS KALLASIDES<\/h3>\n<p>1 Savva Mavromati<br \/>\n8820 Polis Chrysochous<br \/>\nCHYPRE<\/p>\n<h3 class=\"qrShPb pXs6bb PZPZlf q8U8x aTI8gc EaHP9c\" data-dtype=\"d3ifr\" data-local-attribute=\"d3bn\" data-attrid=\"title\" data-ved=\"2ahUKEwjbuZTlh5mEAxWeTKQEHbqECH8Q3B0oAHoECEgQAQ\"><span>WINE HOUSE MALLORCA<\/span><\/h3>\n<p><span>Carrer Antoni Mulet 17<br \/>\n07150 ANDRATX<br \/>\nMALLORCA ESPAGNE<br \/>\n<span aria-label=\"Appeler le +34 665 18 12 03\">T\u00e9l\u00e9phone : +34 665 18 12 03<br \/>\n<\/span><\/span>[\/vc_column_text][\/vc_column][vc_column width=&#8221;1\/3&#8243;][vc_column_text el_class=&#8221;liste-distri&#8221;]<\/p>\n<h3>LORENZI<\/h3>\n<p>Andreas Lorenzi<br \/>\nSiebensterngasse 41<br \/>\n1070 VIENNE, AUTRICHE<br \/>\nT\u00e9l\u00e9phone : (00) 4315262187<br \/>\n<a href=\"http:\/\/www.lorenzi.co.at\" target=\"_blank\" rel=\"noopener noreferrer\">www.lorenzi.co.at<\/a><\/p>\n<h3>KLOTZLI<\/h3>\n<p>Rathausgasse<br \/>\n3011 BERNE SUISSE<br \/>\nT\u00e9l\u00e9phone : 00(41) 313110080<br \/>\n<a href=\"http:\/\/www.klotzli.com\" target=\"_blank\" rel=\"noopener noreferrer\">www.klotzli.com<\/a><\/p>\n<h3>MESSERKONTOR<\/h3>\n<p>Franz Bl\u00e4si Str 5<br \/>\n76646 BRUCHSAL ALLEMAGNE<br \/>\n<a href=\"http:\/\/www.messerkontor.eu\" target=\"_blank\" rel=\"noopener noreferrer\">www.messerkontor.eu<\/a><\/p>\n<h3>BRANDNERS-HOMESTYLE<\/h3>\n<p>Lindenweg<br \/>\n489260 WEISSENHORN ALLEMAGNE<br \/>\n<a href=\"http:\/\/www.brandners-homestyle.de\" target=\"_blank\" rel=\"noopener noreferrer\">http:\/\/www.brandners-homestyle.de<\/a><\/p>\n<h3>AU FIL DE L&#8217;EAU<\/h3>\n<p>2, rue des Battoirs<br \/>\n1205 GENEVE<br \/>\nT\u00e9l\u00e9phone : (00) 41 22 320 34 04[\/vc_column_text][\/vc_column][\/vc_row]<\/p>\n<\/div>","protected":false},"excerpt":{"rendered":"<p>[vc_row][vc_column][vc_empty_space height=&#8221;35&#8243;][\/vc_column][\/vc_row][vc_row][vc_column][\/vc_column][\/vc_row][vc_row][vc_column][vc_empty_space height=&#8221;35&#8243;][\/vc_column][\/vc_row][vc_row][vc_column width=&#8221;1\/3&#8243;][vc_column_text el_class=&#8221;liste-distri&#8221;] NORTH AMERICA PICAYUNE CELLARS 1329 Lincoln avenue, suite B CALISTOGA, CA 94515 Phone: 707 548 [&hellip;]<\/p>\n","protected":false},"author":2,"featured_media":0,"parent":0,"menu_order":0,"comment_status":"closed","ping_status":"closed","template":"","meta":{"footnotes":""},"class_list":["post-1243","page","type-page","status-publish","hentry"],"yoast_head":"<!-- This site is optimized with the Yoast SEO plugin v27.2 - https:\/\/yoast.com\/product\/yoast-seo-wordpress\/ -->\n<title>Dispensers around the world - Coutellerie Chambriard<\/title>\n<meta name=\"robots\" content=\"index, follow, max-snippet:-1, max-image-preview:large, max-video-preview:-1\" \/>\n<link rel=\"canonical\" href=\"https:\/\/www.coutellerie-chambriard.com\/en\/dispensers-around-the-world\/\" \/>\n<meta property=\"og:locale\" content=\"en_US\" \/>\n<meta property=\"og:type\" content=\"article\" \/>\n<meta property=\"og:title\" content=\"Dispensers around the world - Coutellerie Chambriard\" \/>\n<meta property=\"og:description\" content=\"[vc_row][vc_column][vc_empty_space height=&#8221;35&#8243;][\/vc_column][\/vc_row][vc_row][vc_column][\/vc_column][\/vc_row][vc_row][vc_column][vc_empty_space height=&#8221;35&#8243;][\/vc_column][\/vc_row][vc_row][vc_column width=&#8221;1\/3&#8243;][vc_column_text el_class=&#8221;liste-distri&#8221;] NORTH AMERICA PICAYUNE CELLARS 1329 Lincoln avenue, suite B CALISTOGA, CA 94515 Phone: 707 548 [&hellip;]\" \/>\n<meta property=\"og:url\" content=\"https:\/\/www.coutellerie-chambriard.com\/en\/dispensers-around-the-world\/\" \/>\n<meta property=\"og:site_name\" content=\"Coutellerie Chambriard\" \/>\n<meta property=\"article:modified_time\" content=\"2024-02-08T09:38:52+00:00\" \/>\n<meta property=\"og:image\" content=\"https:\/\/www.coutellerie-chambriard.com\/wp-content\/uploads\/2019\/10\/logo-coutellerie-chambriard.gif\" \/>\n\t<meta property=\"og:image:width\" content=\"860\" \/>\n\t<meta property=\"og:image:height\" content=\"150\" \/>\n\t<meta property=\"og:image:type\" content=\"image\/gif\" \/>\n<meta name=\"twitter:card\" content=\"summary_large_image\" \/>\n<meta name=\"twitter:label1\" content=\"Est. reading time\" \/>\n\t<meta name=\"twitter:data1\" content=\"2 minutes\" \/>\n<script type=\"application\/ld+json\" class=\"yoast-schema-graph\">{\"@context\":\"https:\/\/schema.org\",\"@graph\":[{\"@type\":\"WebPage\",\"@id\":\"https:\/\/www.coutellerie-chambriard.com\/en\/dispensers-around-the-world\/\",\"url\":\"https:\/\/www.coutellerie-chambriard.com\/en\/dispensers-around-the-world\/\",\"name\":\"Dispensers around the world - Coutellerie Chambriard\",\"isPartOf\":{\"@id\":\"https:\/\/www.coutellerie-chambriard.com\/#website\"},\"datePublished\":\"2020-05-08T08:53:43+00:00\",\"dateModified\":\"2024-02-08T09:38:52+00:00\",\"breadcrumb\":{\"@id\":\"https:\/\/www.coutellerie-chambriard.com\/en\/dispensers-around-the-world\/#breadcrumb\"},\"inLanguage\":\"en-US\",\"potentialAction\":[{\"@type\":\"ReadAction\",\"target\":[\"https:\/\/www.coutellerie-chambriard.com\/en\/dispensers-around-the-world\/\"]}]},{\"@type\":\"BreadcrumbList\",\"@id\":\"https:\/\/www.coutellerie-chambriard.com\/en\/dispensers-around-the-world\/#breadcrumb\",\"itemListElement\":[{\"@type\":\"ListItem\",\"position\":1,\"name\":\"Accueil\",\"item\":\"https:\/\/www.coutellerie-chambriard.com\/en\/\"},{\"@type\":\"ListItem\",\"position\":2,\"name\":\"Dispensers around the world\"}]},{\"@type\":\"WebSite\",\"@id\":\"https:\/\/www.coutellerie-chambriard.com\/#website\",\"url\":\"https:\/\/www.coutellerie-chambriard.com\/\",\"name\":\"Coutellerie Chambriard\",\"description\":\"Couteliers \u00e0 Thiers depuis 1883\",\"potentialAction\":[{\"@type\":\"SearchAction\",\"target\":{\"@type\":\"EntryPoint\",\"urlTemplate\":\"https:\/\/www.coutellerie-chambriard.com\/?s={search_term_string}\"},\"query-input\":{\"@type\":\"PropertyValueSpecification\",\"valueRequired\":true,\"valueName\":\"search_term_string\"}}],\"inLanguage\":\"en-US\"}]}<\/script>\n<!-- \/ Yoast SEO plugin. -->","yoast_head_json":{"title":"Dispensers around the world - Coutellerie Chambriard","robots":{"index":"index","follow":"follow","max-snippet":"max-snippet:-1","max-image-preview":"max-image-preview:large","max-video-preview":"max-video-preview:-1"},"canonical":"https:\/\/www.coutellerie-chambriard.com\/en\/dispensers-around-the-world\/","og_locale":"en_US","og_type":"article","og_title":"Dispensers around the world - Coutellerie Chambriard","og_description":"[vc_row][vc_column][vc_empty_space height=&#8221;35&#8243;][\/vc_column][\/vc_row][vc_row][vc_column][\/vc_column][\/vc_row][vc_row][vc_column][vc_empty_space height=&#8221;35&#8243;][\/vc_column][\/vc_row][vc_row][vc_column width=&#8221;1\/3&#8243;][vc_column_text el_class=&#8221;liste-distri&#8221;] NORTH AMERICA PICAYUNE CELLARS 1329 Lincoln avenue, suite B CALISTOGA, CA 94515 Phone: 707 548 [&hellip;]","og_url":"https:\/\/www.coutellerie-chambriard.com\/en\/dispensers-around-the-world\/","og_site_name":"Coutellerie Chambriard","article_modified_time":"2024-02-08T09:38:52+00:00","og_image":[{"width":860,"height":150,"url":"https:\/\/www.coutellerie-chambriard.com\/wp-content\/uploads\/2019\/10\/logo-coutellerie-chambriard.gif","type":"image\/gif"}],"twitter_card":"summary_large_image","twitter_misc":{"Est. reading time":"2 minutes"},"schema":{"@context":"https:\/\/schema.org","@graph":[{"@type":"WebPage","@id":"https:\/\/www.coutellerie-chambriard.com\/en\/dispensers-around-the-world\/","url":"https:\/\/www.coutellerie-chambriard.com\/en\/dispensers-around-the-world\/","name":"Dispensers around the world - Coutellerie Chambriard","isPartOf":{"@id":"https:\/\/www.coutellerie-chambriard.com\/#website"},"datePublished":"2020-05-08T08:53:43+00:00","dateModified":"2024-02-08T09:38:52+00:00","breadcrumb":{"@id":"https:\/\/www.coutellerie-chambriard.com\/en\/dispensers-around-the-world\/#breadcrumb"},"inLanguage":"en-US","potentialAction":[{"@type":"ReadAction","target":["https:\/\/www.coutellerie-chambriard.com\/en\/dispensers-around-the-world\/"]}]},{"@type":"BreadcrumbList","@id":"https:\/\/www.coutellerie-chambriard.com\/en\/dispensers-around-the-world\/#breadcrumb","itemListElement":[{"@type":"ListItem","position":1,"name":"Accueil","item":"https:\/\/www.coutellerie-chambriard.com\/en\/"},{"@type":"ListItem","position":2,"name":"Dispensers around the world"}]},{"@type":"WebSite","@id":"https:\/\/www.coutellerie-chambriard.com\/#website","url":"https:\/\/www.coutellerie-chambriard.com\/","name":"Coutellerie Chambriard","description":"Couteliers \u00e0 Thiers depuis 1883","potentialAction":[{"@type":"SearchAction","target":{"@type":"EntryPoint","urlTemplate":"https:\/\/www.coutellerie-chambriard.com\/?s={search_term_string}"},"query-input":{"@type":"PropertyValueSpecification","valueRequired":true,"valueName":"search_term_string"}}],"inLanguage":"en-US"}]}},"_links":{"self":[{"href":"https:\/\/www.coutellerie-chambriard.com\/en\/wp-json\/wp\/v2\/pages\/1243","targetHints":{"allow":["GET"]}}],"collection":[{"href":"https:\/\/www.coutellerie-chambriard.com\/en\/wp-json\/wp\/v2\/pages"}],"about":[{"href":"https:\/\/www.coutellerie-chambriard.com\/en\/wp-json\/wp\/v2\/types\/page"}],"author":[{"embeddable":true,"href":"https:\/\/www.coutellerie-chambriard.com\/en\/wp-json\/wp\/v2\/users\/2"}],"replies":[{"embeddable":true,"href":"https:\/\/www.coutellerie-chambriard.com\/en\/wp-json\/wp\/v2\/comments?post=1243"}],"version-history":[{"count":11,"href":"https:\/\/www.coutellerie-chambriard.com\/en\/wp-json\/wp\/v2\/pages\/1243\/revisions"}],"predecessor-version":[{"id":1696,"href":"https:\/\/www.coutellerie-chambriard.com\/en\/wp-json\/wp\/v2\/pages\/1243\/revisions\/1696"}],"wp:attachment":[{"href":"https:\/\/www.coutellerie-chambriard.com\/en\/wp-json\/wp\/v2\/media?parent=1243"}],"curies":[{"name":"wp","href":"https:\/\/api.w.org\/{rel}","templated":true}]}}