{"id":1108,"date":"2015-09-10T09:41:39","date_gmt":"2015-09-10T07:41:39","guid":{"rendered":"https:\/\/www.coutellerie-chambriard.com\/accueil\/"},"modified":"2025-05-14T14:37:02","modified_gmt":"2025-05-14T12:37:02","slug":"accueil","status":"publish","type":"page","link":"https:\/\/www.coutellerie-chambriard.com\/en\/","title":{"rendered":"HOME"},"content":{"rendered":"<div class=\"wpb-content-wrapper\"><p>[vc_section content_placement=&#8221;middle&#8221; el_id=&#8221;slider&#8221;][vc_row css_animation=&#8221;slideInUp&#8221;][vc_column]<div id=\"ult-carousel-118794112669e1a293b100a\" class=\"ult-carousel-wrapper  diaporama home pleine-largeur ult_full_width\" data-gutter=\"0\" data-rtl=\"false\" ><div class=\"ult-carousel-117790135769e1a293b0f4b \" >[vc_row_inner][vc_column_inner][vc_column_text el_class=&#8221;caption-img-diaporama&#8221;]Chambriard cutlery welcomes you in their shop<br \/>\n7 days a week.[\/vc_column_text][vc_single_image image=&#8221;558&#8243; img_size=&#8221;large&#8221;][\/vc_column_inner][\/vc_row_inner][vc_row_inner][vc_column_inner][vc_column_text el_class=&#8221;caption-img-diaporama&#8221;]Mail-order selling,<br \/>\ndaily shipping<br \/>\nwith our catalog<br \/>\nin the whole world[\/vc_column_text][vc_single_image image=&#8221;1043&#8243; img_size=&#8221;large&#8221;][\/vc_column_inner][\/vc_row_inner][vc_row_inner][vc_column_inner][vc_column_text el_class=&#8221;caption-img-diaporama&#8221;]Sharpening<br \/>\nrepair of your knives<br \/>\nin our workshop&#8230;[\/vc_column_text][vc_single_image image=&#8221;553&#8243; img_size=&#8221;large&#8221;][\/vc_column_inner][\/vc_row_inner][vc_row_inner][vc_column_inner][vc_column_text el_class=&#8221;caption-img-diaporama&#8221;]The Thiers\u00ae<br \/>\n1 unique knife<br \/>\nrealized in 8 versions<br \/>\nmade in France[\/vc_column_text][vc_single_image image=&#8221;550&#8243; img_size=&#8221;large&#8221;][\/vc_column_inner][\/vc_row_inner][vc_row_inner][vc_column_inner][vc_column_text el_class=&#8221;caption-img-diaporama&#8221;]Some art knives<br \/>\ncreated by<br \/>\npassionate craftsmen[\/vc_column_text][vc_single_image image=&#8221;547&#8243; img_size=&#8221;large&#8221;][\/vc_column_inner][\/vc_row_inner]<\/div><\/div>\t\t\t<script type=\"text\/javascript\">\n\t\t\t\tjQuery(document).ready(function ($) {\n\t\t\t\t\tif( typeof jQuery('.ult-carousel-117790135769e1a293b0f4b').slick == \"function\"){\n\t\t\t\t\t\t$('.ult-carousel-117790135769e1a293b0f4b').slick({dots: true,autoplay: true,autoplaySpeed: \"5000\",speed: \"1500\",infinite: true,arrows: true,nextArrow: '<button type=\"button\" role=\"button\" aria-label=\"Next\" style=\"color:; font-size:20px;background:;\" class=\"slick-next circle-bg\"><i class=\"ultsl-arrow-right4\"><\/i><\/button>',prevArrow: '<button type=\"button\" role=\"button\" aria-label=\"Previous\" style=\"color:; font-size:20px;background:;\" class=\"slick-prev circle-bg\"><i class=\"ultsl-arrow-left4\"><\/i><\/button>',slidesToScroll:1,slidesToShow:1,swipe: true,draggable: true,touchMove: true,pauseOnHover: true,pauseOnFocus: false,responsive: [\n\t\t\t\t\t\t\t{\n\t\t\t\t\t\t\t  breakpoint: 1026,\n\t\t\t\t\t\t\t  settings: {\n\t\t\t\t\t\t\t\tslidesToShow: 1,\n\t\t\t\t\t\t\t\tslidesToScroll: 1,  \n\t\t\t\t\t\t\t  }\n\t\t\t\t\t\t\t},\n\t\t\t\t\t\t\t{\n\t\t\t\t\t\t\t  breakpoint: 1025,\n\t\t\t\t\t\t\t  settings: {\n\t\t\t\t\t\t\t\tslidesToShow: 1,\n\t\t\t\t\t\t\t\tslidesToScroll: 1\n\t\t\t\t\t\t\t  }\n\t\t\t\t\t\t\t},\n\t\t\t\t\t\t\t{\n\t\t\t\t\t\t\t  breakpoint: 760,\n\t\t\t\t\t\t\t  settings: {\n\t\t\t\t\t\t\t\tslidesToShow: 1,\n\t\t\t\t\t\t\t\tslidesToScroll: 1\n\t\t\t\t\t\t\t  }\n\t\t\t\t\t\t\t}\n\t\t\t\t\t\t],pauseOnDotsHover: true,customPaging: function(slider, i) {\n                   return '<i type=\"button\"  class=\"ultsl-record\" data-role=\"none\"><\/i>';\n                },});\n\t\t\t\t\t}\n\t\t\t\t});\n\t\t\t<\/script>\n\t\t\t[\/vc_column][\/vc_row][\/vc_section][vc_section full_width=&#8221;stretch_row&#8221; el_id=&#8221;presentation&#8221; el_class=&#8221;style sombre&#8221;][vc_row][vc_column width=&#8221;1\/12&#8243;][\/vc_column][vc_column width=&#8221;5\/6&#8243;][vc_column_text css_animation=&#8221;slideInUp&#8221;]<\/p>\n<h1 style=\"text-align: center;\">Chambriard Cutlery<br \/>\nA large choice of handcrafted knives from Thiers<\/h1>\n<p>[\/vc_column_text][vc_column_text css_animation=&#8221;slideInUp&#8221; el_class=&#8221;chapo&#8221;]<\/p>\n<p style=\"text-align: center;\"><span>Located in Thiers (in France), the French cutlery capital, CHAMBRIARD cutlery offers some 5000 items (pocket knives, table and steak knives, professional knives, art knives, etc&#8230;) from local companies among the hundred existing ones.<\/span><\/p>\n<p>[\/vc_column_text][vc_row_inner][vc_column_inner width=&#8221;1\/3&#8243;]<div tabindex=\"0\" class=\"ult-new-ib ult-ib-effect-style1 grandes-rubriques ult-ib-resp  \" data-min-width=\"768\" data-max-width=\"900\" style=\"background:#564845;\" data-opacity=\"1\" data-hover-opacity=\"1\" ><img decoding=\"async\" class=\"ult-new-ib-img\" style=\"opacity:1;\" alt=\"null\" src=\"https:\/\/www.coutellerie-chambriard.com\/wp-content\/uploads\/2019\/10\/catalogue-coutellerie-chambriard-e1590501658777.jpg\"   \/><div id=\"interactive-banner-wrap-8519\" class=\"ult-new-ib-desc\" style=\"\"><h2 class=\"ult-new-ib-title ult-responsive\"  data-ultimate-target='#interactive-banner-wrap-8519 .ult-new-ib-title'  data-responsive-json-new='{\"font-size\":\"\",\"line-height\":\"\"}'  style=\"font-weight:normal;\">Receive our catalog<\/h2><div class=\"ult-new-ib-content ult-responsive\"  data-ultimate-target='#interactive-banner-wrap-8519 .ult-new-ib-content'  data-responsive-json-new='{\"font-size\":\"\",\"line-height\":\"\"}'  style=\"font-weight:normal;\"><p>To receive our 2025 catalog for free, contact us by e-mail ou phone.<\/p><\/div><\/div><a class=\"ult-new-ib-link\" href=\"https:\/\/www.coutellerie-chambriard.com\/contactez-nous\/\" title=\"Contactez nous\"  ><\/a><\/div>[\/vc_column_inner][vc_column_inner width=&#8221;1\/3&#8243;]<div tabindex=\"0\" class=\"ult-new-ib ult-ib-effect-style1 grandes-rubriques ult-ib-resp  \" data-min-width=\"768\" data-max-width=\"900\" style=\"background:#564845;\" data-opacity=\"1\" data-hover-opacity=\"1\" ><img decoding=\"async\" class=\"ult-new-ib-img\" style=\"opacity:1;\" alt=\"null\" src=\"https:\/\/www.coutellerie-chambriard.com\/wp-content\/uploads\/2019\/11\/atelier-coutellerie-chambriard-2.jpg\"   \/><div id=\"interactive-banner-wrap-6405\" class=\"ult-new-ib-desc\" style=\"\"><h2 class=\"ult-new-ib-title ult-responsive\"  data-ultimate-target='#interactive-banner-wrap-6405 .ult-new-ib-title'  data-responsive-json-new='{\"font-size\":\"\",\"line-height\":\"\"}'  style=\"font-weight:normal;\">The workshop<\/h2><div class=\"ult-new-ib-content ult-responsive\"  data-ultimate-target='#interactive-banner-wrap-6405 .ult-new-ib-content'  data-responsive-json-new='{\"font-size\":\"\",\"line-height\":\"\"}'  style=\"font-weight:normal;\"><p>Chambriard Cutlery has two workshops for sharpening and servicing of all kind of blades.<\/p><\/div><\/div><a class=\"ult-new-ib-link\" href=\"https:\/\/www.coutellerie-chambriard.com\/en\/le-savoir-faire-de-la-coutellerie-chambriard\/\" title=\"maintenance and repair\"  ><\/a><\/div>[\/vc_column_inner][vc_column_inner width=&#8221;1\/3&#8243;]<div tabindex=\"0\" class=\"ult-new-ib ult-ib-effect-style1 grandes-rubriques ult-ib-resp  \" data-min-width=\"768\" data-max-width=\"900\" style=\"background:#564845;\" data-opacity=\"1\" data-hover-opacity=\"1\" ><img decoding=\"async\" class=\"ult-new-ib-img\" style=\"opacity:1;\" alt=\"Couteau d&#039;Art sur son socle\" src=\"https:\/\/www.coutellerie-chambriard.com\/wp-content\/uploads\/2019\/11\/couteau-d-art.jpg\"   \/><div id=\"interactive-banner-wrap-4945\" class=\"ult-new-ib-desc\" style=\"\"><h2 class=\"ult-new-ib-title ult-responsive\"  data-ultimate-target='#interactive-banner-wrap-4945 .ult-new-ib-title'  data-responsive-json-new='{\"font-size\":\"\",\"line-height\":\"\"}'  style=\"font-weight:normal;\">Our art knives<\/h2><div class=\"ult-new-ib-content ult-responsive\"  data-ultimate-target='#interactive-banner-wrap-4945 .ult-new-ib-content'  data-responsive-json-new='{\"font-size\":\"\",\"line-height\":\"\"}'  style=\"font-weight:normal;\"><p>Discover a selection of high ranged art knives.<\/p><\/div><\/div><a class=\"ult-new-ib-link\" href=\"https:\/\/www.coutellerie-chambriard.com\/en\/our-models\/\" title=\"Our models\"  ><\/a><\/div>[\/vc_column_inner][\/vc_row_inner][vc_empty_space height=&#8221;30&#8243;][\/vc_column][vc_column width=&#8221;1\/12&#8243;][\/vc_column][\/vc_row][\/vc_section][vc_section full_width=&#8221;stretch_row&#8221; content_placement=&#8221;middle&#8221; el_id=&#8221;le-thiers&#8221; css=&#8221;.vc_custom_1747226220620{background-image: url(https:\/\/www.coutellerie-chambriard.com\/wp-content\/uploads\/2025\/05\/bg-couteaux-le-thiers-clair-scaled.jpg?id=1906) !important;background-position: center !important;background-repeat: no-repeat !important;background-size: cover !important;}&#8221;][vc_row][vc_column width=&#8221;1\/12&#8243;][\/vc_column][vc_column width=&#8221;5\/6&#8243;][vc_column_text]<\/p>\n<h2 style=\"text-align: center;\">The Thiers\u00ae by Chambriard<\/h2>\n<p>[\/vc_column_text][vc_column_text el_class=&#8221;chapo&#8221;]<\/p>\n<p style=\"text-align: center;\"><span>In 1998, CHAMBRIARD cutlery embarked on the adventure of knives &#8220;Le Thiers\u00ae&#8221; (a registered trademark) by Chambriard. These knives, patented, and protected, come in 8 ranges : the &#8220;Companion&#8221;, &#8220;Compact&#8221;, &#8220;Grand cru&#8221;, the &#8220;Table&#8221; knife and &#8220;Dessert&#8221; knife, the &#8220;Trapper&#8221;, the &#8220;Trapper Grand cru&#8221; and the &#8220;Grand Gourmet&#8221; kitchen series.<\/span><\/p>\n<p>[\/vc_column_text][\/vc_column][vc_column width=&#8221;1\/12&#8243;][\/vc_column][\/vc_row][vc_row full_width=&#8221;stretch_row_content_no_spaces&#8221; bg_type=&#8221;bg_color&#8221; ult_hide_row=&#8221;ult_hide_row_value&#8221; ult_hide_row_mobile=&#8221;mobile&#8221; ult_hide_row_mobile_large=&#8221;xl_mobile&#8221; el_id=&#8221;version_bureau&#8221; bg_color_value=&#8221;rgba(221,51,51,0.01)&#8221;][vc_column width=&#8221;1\/12&#8243;][\/vc_column][vc_column width=&#8221;5\/6&#8243;][vc_basic_grid post_type=&#8221;couteaux_chambriard&#8221; max_items=&#8221;-1&#8243; style=&#8221;pagination&#8221; items_per_page=&#8221;4&#8243; element_width=&#8221;3&#8243; gap=&#8221;0&#8243; arrows_design=&#8221;vc_arrow-icon-arrow_08_left&#8221; arrows_position=&#8221;outside&#8221; arrows_color=&#8221;white&#8221; paging_color=&#8221;black&#8221; loop=&#8221;yes&#8221; autoplay=&#8221;&#8221; item=&#8221;258&#8243; grid_id=&#8221;vc_gid:1747226198044-7709509e-698e-9&#8243; el_class=&#8221;grille-couteaux&#8221;][\/vc_column][vc_column width=&#8221;1\/12&#8243;][\/vc_column][\/vc_row][vc_row full_width=&#8221;stretch_row_content_no_spaces&#8221; bg_type=&#8221;bg_color&#8221; ult_hide_row=&#8221;ult_hide_row_value&#8221; ult_hide_row_large_screen=&#8221;large_screen&#8221; ult_hide_row_desktop=&#8221;desktop&#8221; ult_hide_row_tablet=&#8221;tablet&#8221; ult_hide_row_tablet_small=&#8221;xs_tablet&#8221; el_id=&#8221;version_mobile&#8221; bg_color_value=&#8221;rgba(0,0,0,0.01)&#8221;][vc_column width=&#8221;1\/12&#8243;][\/vc_column][vc_column width=&#8221;5\/6&#8243;][vc_basic_grid post_type=&#8221;couteaux_chambriard&#8221; max_items=&#8221;-1&#8243; style=&#8221;pagination&#8221; items_per_page=&#8221;1&#8243; element_width=&#8221;12&#8243; gap=&#8221;0&#8243; paging_color=&#8221;black&#8221; loop=&#8221;yes&#8221; autoplay=&#8221;&#8221; item=&#8221;258&#8243; grid_id=&#8221;vc_gid:1747226198046-d5c75137-d744-4&#8243; el_class=&#8221;grille-couteaux&#8221;][\/vc_column][vc_column width=&#8221;1\/12&#8243;][\/vc_column][\/vc_row][\/vc_section][vc_section full_width=&#8221;stretch_row&#8221; el_id=&#8221;actualites&#8221;][vc_row][vc_column][vc_column_text css_animation=&#8221;slideInUp&#8221;]<\/p>\n<h2 style=\"text-align: center;\">News from Cutlery Chambriard<\/h2>\n<p>[\/vc_column_text][vc_empty_space height=&#8221;35&#8243;][vc_basic_grid post_type=&#8221;post&#8221; max_items=&#8221;3&#8243; item=&#8221;133&#8243; initial_loading_animation=&#8221;slideInUp&#8221; grid_id=&#8221;vc_gid:1747226198047-8b53f305-dea9-7&#8243;][vc_empty_space height=&#8221;15&#8243;][vc_btn title=&#8221;check all the news&#8221; style=&#8221;custom&#8221; custom_background=&#8221;&#8221; custom_text=&#8221;&#8221; shape=&#8221;square&#8221; align=&#8221;center&#8221; css_animation=&#8221;slideInUp&#8221; link=&#8221;url:https%3A%2F%2Fwww.coutellerie-chambriard.com%2Fen%2Fnews%2F|title:Actualit%C3%A9s||&#8221; el_class=&#8221;bouton uni&#8221;][\/vc_column][\/vc_row][\/vc_section]<\/p>\n<\/div>","protected":false},"excerpt":{"rendered":"<p>[vc_section content_placement=&#8221;middle&#8221; el_id=&#8221;slider&#8221;][vc_row css_animation=&#8221;slideInUp&#8221;][vc_column][\/vc_column][\/vc_row][\/vc_section][vc_section full_width=&#8221;stretch_row&#8221; el_id=&#8221;presentation&#8221; el_class=&#8221;style sombre&#8221;][vc_row][vc_column width=&#8221;1\/12&#8243;][\/vc_column][vc_column width=&#8221;5\/6&#8243;][vc_column_text css_animation=&#8221;slideInUp&#8221;] Chambriard Cutlery A large choice of handcrafted knives from [&hellip;]<\/p>\n","protected":false},"author":1,"featured_media":0,"parent":0,"menu_order":0,"comment_status":"closed","ping_status":"closed","template":"","meta":{"footnotes":""},"class_list":["post-1108","page","type-page","status-publish","hentry"],"yoast_head":"<!-- This site is optimized with the Yoast SEO plugin v27.2 - https:\/\/yoast.com\/product\/yoast-seo-wordpress\/ -->\n<title>Coutellerie Chambriard - Couteliers \u00e0 Thiers depuis 1883<\/title>\n<meta name=\"description\" content=\"Situ\u00e9e \u00e0 Thiers en Auvergne, capitale fran\u00e7aise de la coutellerie, la coutellerie Chambriard propose des couteaux de poche, de tables et professionnels.\" \/>\n<meta name=\"robots\" content=\"index, follow, max-snippet:-1, max-image-preview:large, max-video-preview:-1\" \/>\n<link rel=\"canonical\" href=\"https:\/\/www.coutellerie-chambriard.com\/en\/\" \/>\n<meta property=\"og:locale\" content=\"en_US\" \/>\n<meta property=\"og:type\" content=\"article\" \/>\n<meta property=\"og:title\" content=\"Coutellerie Chambriard - Couteliers \u00e0 Thiers depuis 1883\" \/>\n<meta property=\"og:description\" content=\"Situ\u00e9e \u00e0 Thiers en Auvergne, capitale fran\u00e7aise de la coutellerie, la coutellerie Chambriard propose des couteaux de poche, de tables et professionnels.\" \/>\n<meta property=\"og:url\" content=\"https:\/\/www.coutellerie-chambriard.com\/en\/\" \/>\n<meta property=\"og:site_name\" content=\"Coutellerie Chambriard\" \/>\n<meta property=\"article:modified_time\" content=\"2025-05-14T12:37:02+00:00\" \/>\n<meta property=\"og:image\" content=\"https:\/\/www.coutellerie-chambriard.com\/wp-content\/uploads\/2019\/10\/logo-coutellerie-chambriard.gif\" \/>\n\t<meta property=\"og:image:width\" content=\"860\" \/>\n\t<meta property=\"og:image:height\" content=\"150\" \/>\n\t<meta property=\"og:image:type\" content=\"image\/gif\" \/>\n<meta name=\"twitter:card\" content=\"summary_large_image\" \/>\n<meta name=\"twitter:label1\" content=\"Est. reading time\" \/>\n\t<meta name=\"twitter:data1\" content=\"2 minutes\" \/>\n<script type=\"application\/ld+json\" class=\"yoast-schema-graph\">{\"@context\":\"https:\/\/schema.org\",\"@graph\":[{\"@type\":\"WebPage\",\"@id\":\"https:\/\/www.coutellerie-chambriard.com\/en\/\",\"url\":\"https:\/\/www.coutellerie-chambriard.com\/en\/\",\"name\":\"Coutellerie Chambriard - Couteliers \u00e0 Thiers depuis 1883\",\"isPartOf\":{\"@id\":\"https:\/\/www.coutellerie-chambriard.com\/#website\"},\"datePublished\":\"2015-09-10T07:41:39+00:00\",\"dateModified\":\"2025-05-14T12:37:02+00:00\",\"description\":\"Situ\u00e9e \u00e0 Thiers en Auvergne, capitale fran\u00e7aise de la coutellerie, la coutellerie Chambriard propose des couteaux de poche, de tables et professionnels.\",\"breadcrumb\":{\"@id\":\"https:\/\/www.coutellerie-chambriard.com\/en\/#breadcrumb\"},\"inLanguage\":\"en-US\",\"potentialAction\":[{\"@type\":\"ReadAction\",\"target\":[\"https:\/\/www.coutellerie-chambriard.com\/en\/\"]}]},{\"@type\":\"BreadcrumbList\",\"@id\":\"https:\/\/www.coutellerie-chambriard.com\/en\/#breadcrumb\",\"itemListElement\":[{\"@type\":\"ListItem\",\"position\":1,\"name\":\"Accueil\",\"item\":\"https:\/\/www.coutellerie-chambriard.com\/en\/\"},{\"@type\":\"ListItem\",\"position\":2,\"name\":\"HOME\"}]},{\"@type\":\"WebSite\",\"@id\":\"https:\/\/www.coutellerie-chambriard.com\/#website\",\"url\":\"https:\/\/www.coutellerie-chambriard.com\/\",\"name\":\"Coutellerie Chambriard\",\"description\":\"Couteliers \u00e0 Thiers depuis 1883\",\"potentialAction\":[{\"@type\":\"SearchAction\",\"target\":{\"@type\":\"EntryPoint\",\"urlTemplate\":\"https:\/\/www.coutellerie-chambriard.com\/?s={search_term_string}\"},\"query-input\":{\"@type\":\"PropertyValueSpecification\",\"valueRequired\":true,\"valueName\":\"search_term_string\"}}],\"inLanguage\":\"en-US\"}]}<\/script>\n<!-- \/ Yoast SEO plugin. -->","yoast_head_json":{"title":"Coutellerie Chambriard - Couteliers \u00e0 Thiers depuis 1883","description":"Situ\u00e9e \u00e0 Thiers en Auvergne, capitale fran\u00e7aise de la coutellerie, la coutellerie Chambriard propose des couteaux de poche, de tables et professionnels.","robots":{"index":"index","follow":"follow","max-snippet":"max-snippet:-1","max-image-preview":"max-image-preview:large","max-video-preview":"max-video-preview:-1"},"canonical":"https:\/\/www.coutellerie-chambriard.com\/en\/","og_locale":"en_US","og_type":"article","og_title":"Coutellerie Chambriard - Couteliers \u00e0 Thiers depuis 1883","og_description":"Situ\u00e9e \u00e0 Thiers en Auvergne, capitale fran\u00e7aise de la coutellerie, la coutellerie Chambriard propose des couteaux de poche, de tables et professionnels.","og_url":"https:\/\/www.coutellerie-chambriard.com\/en\/","og_site_name":"Coutellerie Chambriard","article_modified_time":"2025-05-14T12:37:02+00:00","og_image":[{"width":860,"height":150,"url":"https:\/\/www.coutellerie-chambriard.com\/wp-content\/uploads\/2019\/10\/logo-coutellerie-chambriard.gif","type":"image\/gif"}],"twitter_card":"summary_large_image","twitter_misc":{"Est. reading time":"2 minutes"},"schema":{"@context":"https:\/\/schema.org","@graph":[{"@type":"WebPage","@id":"https:\/\/www.coutellerie-chambriard.com\/en\/","url":"https:\/\/www.coutellerie-chambriard.com\/en\/","name":"Coutellerie Chambriard - Couteliers \u00e0 Thiers depuis 1883","isPartOf":{"@id":"https:\/\/www.coutellerie-chambriard.com\/#website"},"datePublished":"2015-09-10T07:41:39+00:00","dateModified":"2025-05-14T12:37:02+00:00","description":"Situ\u00e9e \u00e0 Thiers en Auvergne, capitale fran\u00e7aise de la coutellerie, la coutellerie Chambriard propose des couteaux de poche, de tables et professionnels.","breadcrumb":{"@id":"https:\/\/www.coutellerie-chambriard.com\/en\/#breadcrumb"},"inLanguage":"en-US","potentialAction":[{"@type":"ReadAction","target":["https:\/\/www.coutellerie-chambriard.com\/en\/"]}]},{"@type":"BreadcrumbList","@id":"https:\/\/www.coutellerie-chambriard.com\/en\/#breadcrumb","itemListElement":[{"@type":"ListItem","position":1,"name":"Accueil","item":"https:\/\/www.coutellerie-chambriard.com\/en\/"},{"@type":"ListItem","position":2,"name":"HOME"}]},{"@type":"WebSite","@id":"https:\/\/www.coutellerie-chambriard.com\/#website","url":"https:\/\/www.coutellerie-chambriard.com\/","name":"Coutellerie Chambriard","description":"Couteliers \u00e0 Thiers depuis 1883","potentialAction":[{"@type":"SearchAction","target":{"@type":"EntryPoint","urlTemplate":"https:\/\/www.coutellerie-chambriard.com\/?s={search_term_string}"},"query-input":{"@type":"PropertyValueSpecification","valueRequired":true,"valueName":"search_term_string"}}],"inLanguage":"en-US"}]}},"_links":{"self":[{"href":"https:\/\/www.coutellerie-chambriard.com\/en\/wp-json\/wp\/v2\/pages\/1108","targetHints":{"allow":["GET"]}}],"collection":[{"href":"https:\/\/www.coutellerie-chambriard.com\/en\/wp-json\/wp\/v2\/pages"}],"about":[{"href":"https:\/\/www.coutellerie-chambriard.com\/en\/wp-json\/wp\/v2\/types\/page"}],"author":[{"embeddable":true,"href":"https:\/\/www.coutellerie-chambriard.com\/en\/wp-json\/wp\/v2\/users\/1"}],"replies":[{"embeddable":true,"href":"https:\/\/www.coutellerie-chambriard.com\/en\/wp-json\/wp\/v2\/comments?post=1108"}],"version-history":[{"count":37,"href":"https:\/\/www.coutellerie-chambriard.com\/en\/wp-json\/wp\/v2\/pages\/1108\/revisions"}],"predecessor-version":[{"id":1917,"href":"https:\/\/www.coutellerie-chambriard.com\/en\/wp-json\/wp\/v2\/pages\/1108\/revisions\/1917"}],"wp:attachment":[{"href":"https:\/\/www.coutellerie-chambriard.com\/en\/wp-json\/wp\/v2\/media?parent=1108"}],"curies":[{"name":"wp","href":"https:\/\/api.w.org\/{rel}","templated":true}]}}